{"id":68,"date":"2024-09-30T07:49:55","date_gmt":"2024-09-30T07:49:55","guid":{"rendered":"https:\/\/mari.consultoraprincipado.com\/?post_type=product&#038;p=68"},"modified":"2025-04-25T16:05:12","modified_gmt":"2025-04-25T16:05:12","slug":"sombrilla-parasol-de-playa-y-jardin-floreada","status":"publish","type":"product","link":"https:\/\/mari.consultoraprincipado.com\/?product=sombrilla-parasol-de-playa-y-jardin-floreada","title":{"rendered":"Sombrilla Parasol de Playa y jardin  floreada"},"content":{"rendered":"<p>Sombrilla Parasol de Playa y jardin. Estampado de flores<\/p>\n<p>Mide 160 cm.de varilla , 8 varillas de\u00a0 3.2mm de grosor. Tubo de 22\/25 mm.<\/p>\n<p>100% Poliester. UPF50+<\/p>\n<p>&nbsp;<\/p>\n<p>Incluye Funda\/Bolsa. Es muy practica para transportar, ya que se pliegua y mete todo en una bolsa con bandolera, la cual te facilita su transporte al poder llevarla al hombro.<\/p>\n<p>Sombrilla de playa, terraza y\/o jard\u00edn . Sombrilla antiviento de dise\u00f1o veraniego, muy cuidado en acabados y detalles. Tejido con tratamiento UPF 50+, bloqueando el 97,5% de los rayos ultravioleta. Dise\u00f1o estampado de flores\/cuadros\/rayas. Acabado del producto en flecos a un color. Estructura de acero color blanco. Incluye funda\/bolsa para su transporte. Disponible en 6 dise\u00f1os diferentes.<br \/>\nDise\u00f1o: Materiales de calidad. La densidad del tejido refuerza la protecci\u00f3n frente al sol, el cual est\u00e1 confeccionado con un tratamiento especial que bloquea hasta un 97,5% la radiaci\u00f3n ultravioleta. Incluye funda\/bolsa para su transporte.<\/p>\n<p>Largo de sombrilla regulable. Peso 2kg.<\/p>\n<p>Estructura: Resistente al viento. Estructura de acero.<\/p>\n<p>Mecanismo: Sombrilla port\u00e1til; plegable, regulable y desmontable.<\/p>\n<p>&nbsp;<\/p>\n","protected":false},"excerpt":{"rendered":"<p>Sombrilla Parasol de Playa y jardin. Estampado de flores Mide 160 cm.de varilla , 8 varillas de\u00a0 3.2mm de grosor. [&hellip;]<\/p>\n","protected":false},"featured_media":2261,"comment_status":"open","ping_status":"closed","template":"","meta":{"site-sidebar-layout":"default","site-content-layout":"","ast-site-content-layout":"default","site-content-style":"default","site-sidebar-style":"default","ast-global-header-display":"","ast-banner-title-visibility":"","ast-main-header-display":"","ast-hfb-above-header-display":"","ast-hfb-below-header-display":"","ast-hfb-mobile-header-display":"","site-post-title":"","ast-breadcrumbs-content":"","ast-featured-img":"","footer-sml-layout":"","ast-disable-related-posts":"","theme-transparent-header-meta":"default","adv-header-id-meta":"","stick-header-meta":"","header-above-stick-meta":"","header-main-stick-meta":"","header-below-stick-meta":"","astra-migrate-meta-layouts":"set","ast-page-background-enabled":"default","ast-page-background-meta":{"desktop":{"background-color":"var(--ast-global-color-4)","background-image":"","background-repeat":"repeat","background-position":"center center","background-size":"auto","background-attachment":"scroll","background-type":"","background-media":"","overlay-type":"","overlay-color":"","overlay-opacity":"","overlay-gradient":""},"tablet":{"background-color":"","background-image":"","background-repeat":"repeat","background-position":"center center","background-size":"auto","background-attachment":"scroll","background-type":"","background-media":"","overlay-type":"","overlay-color":"","overlay-opacity":"","overlay-gradient":""},"mobile":{"background-color":"","background-image":"","background-repeat":"repeat","background-position":"center center","background-size":"auto","background-attachment":"scroll","background-type":"","background-media":"","overlay-type":"","overlay-color":"","overlay-opacity":"","overlay-gradient":""}},"ast-content-background-meta":{"desktop":{"background-color":"var(--ast-global-color-5)","background-image":"","background-repeat":"repeat","background-position":"center center","background-size":"auto","background-attachment":"scroll","background-type":"","background-media":"","overlay-type":"","overlay-color":"","overlay-opacity":"","overlay-gradient":""},"tablet":{"background-color":"var(--ast-global-color-5)","background-image":"","background-repeat":"repeat","background-position":"center center","background-size":"auto","background-attachment":"scroll","background-type":"","background-media":"","overlay-type":"","overlay-color":"","overlay-opacity":"","overlay-gradient":""},"mobile":{"background-color":"var(--ast-global-color-5)","background-image":"","background-repeat":"repeat","background-position":"center center","background-size":"auto","background-attachment":"scroll","background-type":"","background-media":"","overlay-type":"","overlay-color":"","overlay-opacity":"","overlay-gradient":""}}},"product_brand":[],"product_cat":[30],"product_tag":[31,32,33],"class_list":{"0":"post-68","1":"product","2":"type-product","3":"status-publish","4":"has-post-thumbnail","6":"product_cat-sombrillas","7":"product_tag-parasol","8":"product_tag-proteccionsolar","9":"product_tag-sombrillaplaya","10":"desktop-align-left","11":"tablet-align-left","12":"mobile-align-left","14":"first","15":"instock","16":"sale","17":"shipping-taxable","18":"purchasable","19":"product-type-variable"},"_links":{"self":[{"href":"https:\/\/mari.consultoraprincipado.com\/index.php?rest_route=\/wp\/v2\/product\/68","targetHints":{"allow":["GET"]}}],"collection":[{"href":"https:\/\/mari.consultoraprincipado.com\/index.php?rest_route=\/wp\/v2\/product"}],"about":[{"href":"https:\/\/mari.consultoraprincipado.com\/index.php?rest_route=\/wp\/v2\/types\/product"}],"replies":[{"embeddable":true,"href":"https:\/\/mari.consultoraprincipado.com\/index.php?rest_route=%2Fwp%2Fv2%2Fcomments&post=68"}],"wp:featuredmedia":[{"embeddable":true,"href":"https:\/\/mari.consultoraprincipado.com\/index.php?rest_route=\/wp\/v2\/media\/2261"}],"wp:attachment":[{"href":"https:\/\/mari.consultoraprincipado.com\/index.php?rest_route=%2Fwp%2Fv2%2Fmedia&parent=68"}],"wp:term":[{"taxonomy":"product_brand","embeddable":true,"href":"https:\/\/mari.consultoraprincipado.com\/index.php?rest_route=%2Fwp%2Fv2%2Fproduct_brand&post=68"},{"taxonomy":"product_cat","embeddable":true,"href":"https:\/\/mari.consultoraprincipado.com\/index.php?rest_route=%2Fwp%2Fv2%2Fproduct_cat&post=68"},{"taxonomy":"product_tag","embeddable":true,"href":"https:\/\/mari.consultoraprincipado.com\/index.php?rest_route=%2Fwp%2Fv2%2Fproduct_tag&post=68"}],"curies":[{"name":"wp","href":"https:\/\/api.w.org\/{rel}","templated":true}]}}