{"id":88,"date":"2024-09-30T07:49:56","date_gmt":"2024-09-30T07:49:56","guid":{"rendered":"https:\/\/mari.consultoraprincipado.com\/?post_type=product&#038;p=88"},"modified":"2026-01-28T17:58:11","modified_gmt":"2026-01-28T17:58:11","slug":"chubasquero-impermeable-poliuretano-nuovola","status":"publish","type":"product","link":"https:\/\/mari.consultoraprincipado.com\/?product=chubasquero-impermeable-poliuretano-nuovola","title":{"rendered":"Chubasquero impermeable poliuretano Nuovola"},"content":{"rendered":"<p>Dise\u00f1ado para el uso diario en temporadas de transici\u00f3n, el chubasquero impermeable Nuovola est\u00e1 confeccionado con nuestro ic\u00f3nico tejido de poliuretano y cuenta con un pliegue en la espalda que aporta un volumen \u00fanico en forma de A. El largo a mitad del muslo se complementa con una cremallera sellada en la parte delantera y con pu\u00f1os corta vientos en el interior de la manga para una protecci\u00f3n adicional contra el clima m\u00e1s impredecible.<\/p>\n","protected":false},"excerpt":{"rendered":"<p>Chubasquero Impermeable pliegue de poliuretano<\/p>\n","protected":false},"featured_media":161,"comment_status":"open","ping_status":"closed","template":"","meta":{"site-sidebar-layout":"default","site-content-layout":"","ast-site-content-layout":"default","site-content-style":"default","site-sidebar-style":"default","ast-global-header-display":"","ast-banner-title-visibility":"","ast-main-header-display":"","ast-hfb-above-header-display":"","ast-hfb-below-header-display":"","ast-hfb-mobile-header-display":"","site-post-title":"","ast-breadcrumbs-content":"","ast-featured-img":"","footer-sml-layout":"","ast-disable-related-posts":"","theme-transparent-header-meta":"default","adv-header-id-meta":"","stick-header-meta":"","header-above-stick-meta":"","header-main-stick-meta":"","header-below-stick-meta":"","astra-migrate-meta-layouts":"set","ast-page-background-enabled":"default","ast-page-background-meta":{"desktop":{"background-color":"var(--ast-global-color-4)","background-image":"","background-repeat":"repeat","background-position":"center center","background-size":"auto","background-attachment":"scroll","background-type":"","background-media":"","overlay-type":"","overlay-color":"","overlay-opacity":"","overlay-gradient":""},"tablet":{"background-color":"","background-image":"","background-repeat":"repeat","background-position":"center center","background-size":"auto","background-attachment":"scroll","background-type":"","background-media":"","overlay-type":"","overlay-color":"","overlay-opacity":"","overlay-gradient":""},"mobile":{"background-color":"","background-image":"","background-repeat":"repeat","background-position":"center center","background-size":"auto","background-attachment":"scroll","background-type":"","background-media":"","overlay-type":"","overlay-color":"","overlay-opacity":"","overlay-gradient":""}},"ast-content-background-meta":{"desktop":{"background-color":"var(--ast-global-color-5)","background-image":"","background-repeat":"repeat","background-position":"center center","background-size":"auto","background-attachment":"scroll","background-type":"","background-media":"","overlay-type":"","overlay-color":"","overlay-opacity":"","overlay-gradient":""},"tablet":{"background-color":"var(--ast-global-color-5)","background-image":"","background-repeat":"repeat","background-position":"center center","background-size":"auto","background-attachment":"scroll","background-type":"","background-media":"","overlay-type":"","overlay-color":"","overlay-opacity":"","overlay-gradient":""},"mobile":{"background-color":"var(--ast-global-color-5)","background-image":"","background-repeat":"repeat","background-position":"center center","background-size":"auto","background-attachment":"scroll","background-type":"","background-media":"","overlay-type":"","overlay-color":"","overlay-opacity":"","overlay-gradient":""}}},"product_brand":[],"product_cat":[40,41],"product_tag":[],"class_list":{"0":"post-88","1":"product","2":"type-product","3":"status-publish","4":"has-post-thumbnail","6":"product_cat-impermeables","7":"product_cat-impermeable-mujer","8":"desktop-align-left","9":"tablet-align-left","10":"mobile-align-left","12":"first","13":"outofstock","14":"shipping-taxable","15":"purchasable","16":"product-type-variable"},"_links":{"self":[{"href":"https:\/\/mari.consultoraprincipado.com\/index.php?rest_route=\/wp\/v2\/product\/88","targetHints":{"allow":["GET"]}}],"collection":[{"href":"https:\/\/mari.consultoraprincipado.com\/index.php?rest_route=\/wp\/v2\/product"}],"about":[{"href":"https:\/\/mari.consultoraprincipado.com\/index.php?rest_route=\/wp\/v2\/types\/product"}],"replies":[{"embeddable":true,"href":"https:\/\/mari.consultoraprincipado.com\/index.php?rest_route=%2Fwp%2Fv2%2Fcomments&post=88"}],"wp:featuredmedia":[{"embeddable":true,"href":"https:\/\/mari.consultoraprincipado.com\/index.php?rest_route=\/wp\/v2\/media\/161"}],"wp:attachment":[{"href":"https:\/\/mari.consultoraprincipado.com\/index.php?rest_route=%2Fwp%2Fv2%2Fmedia&parent=88"}],"wp:term":[{"taxonomy":"product_brand","embeddable":true,"href":"https:\/\/mari.consultoraprincipado.com\/index.php?rest_route=%2Fwp%2Fv2%2Fproduct_brand&post=88"},{"taxonomy":"product_cat","embeddable":true,"href":"https:\/\/mari.consultoraprincipado.com\/index.php?rest_route=%2Fwp%2Fv2%2Fproduct_cat&post=88"},{"taxonomy":"product_tag","embeddable":true,"href":"https:\/\/mari.consultoraprincipado.com\/index.php?rest_route=%2Fwp%2Fv2%2Fproduct_tag&post=88"}],"curies":[{"name":"wp","href":"https:\/\/api.w.org\/{rel}","templated":true}]}}